{"id":32,"date":"2020-11-26T18:16:05","date_gmt":"2020-11-26T18:16:05","guid":{"rendered":"http:\/\/kravmagautti.fi\/site\/?page_id=32"},"modified":"2025-01-09T10:53:06","modified_gmt":"2025-01-09T08:53:06","slug":"etusivu","status":"publish","type":"page","link":"http:\/\/kravmagautti.fi\/site\/","title":{"rendered":"Etusivu"},"content":{"rendered":"\n<p><strong>Krav Maga Utti Ry on vuonna 1997 perustettu kamppailu-urheilu- ja itsepuolustusseura.<\/strong><\/p>\n\n\n\n<p>Alkujaan Krav Magaa harjoiteltiin Kouvolan Karateseura Oushinkanin alaisuudessa. Seuran ensimm\u00e4inen ohjaaja osallistui ensimm\u00e4iselle Suomessa j\u00e4rjestetylle ohjaajakurssille vuonna 1996. Pian t\u00e4m\u00e4n j\u00e4lkeen oman lajiseuran perustaminen tuli ajankohtaiseksi. Seura oli alun perin valkealalainen, johon nimi Utti my\u00f6s viittaa. Nykyisin seuran kotipaikka on Kouvola ja harjoituksemme ovat Kouvolassa.<\/p>\n\n\n\n<p>Viikoittaisten harjoitusten ja peruskurssien lis\u00e4ksi Krav Maga Utti j\u00e4rjest\u00e4\u00e4 vuosittain Utin kes\u00e4leirin yhteistoiminnassa kansainv\u00e4lisen ja Suomen Krav Maga liiton kanssa. Leirist\u00e4 on vuosien mittaan tullut yksi vuoden kohokohdista lajin harrastajien parissa.<\/p>\n\n\n\n<div class=\"wp-block-columns is-layout-flex wp-container-core-columns-is-layout-9d6595d7 wp-block-columns-is-layout-flex\">\n<div class=\"wp-block-column is-layout-flow wp-block-column-is-layout-flow\"><\/div>\n\n\n\n<div class=\"wp-block-column is-layout-flow wp-block-column-is-layout-flow\"><\/div>\n<\/div>\n","protected":false},"excerpt":{"rendered":"<p>Krav Maga Utti Ry on vuonna 1997 perustettu kamppailu-urheilu- ja itsepuolustusseura. Alkujaan Krav Magaa harjoiteltiin Kouvolan Karateseura Oushinkanin alaisuudessa. Seuran ensimm\u00e4inen ohjaaja osallistui ensimm\u00e4iselle Suomessa j\u00e4rjestetylle ohjaajakurssille vuonna 1996. Pian t\u00e4m\u00e4n j\u00e4lkeen oman lajiseuran perustaminen tuli ajankohtaiseksi. Seura oli alun perin valkealalainen, johon nimi Utti my\u00f6s viittaa. Nykyisin seuran kotipaikka on Kouvola ja harjoituksemme ovat &hellip; <\/p>\n","protected":false},"author":1,"featured_media":0,"parent":0,"menu_order":0,"comment_status":"closed","ping_status":"closed","template":"","meta":{"footnotes":""},"class_list":["post-32","page","type-page","status-publish","hentry","grid-sizer"],"_links":{"self":[{"href":"http:\/\/kravmagautti.fi\/site\/wp-json\/wp\/v2\/pages\/32","targetHints":{"allow":["GET"]}}],"collection":[{"href":"http:\/\/kravmagautti.fi\/site\/wp-json\/wp\/v2\/pages"}],"about":[{"href":"http:\/\/kravmagautti.fi\/site\/wp-json\/wp\/v2\/types\/page"}],"author":[{"embeddable":true,"href":"http:\/\/kravmagautti.fi\/site\/wp-json\/wp\/v2\/users\/1"}],"replies":[{"embeddable":true,"href":"http:\/\/kravmagautti.fi\/site\/wp-json\/wp\/v2\/comments?post=32"}],"version-history":[{"count":10,"href":"http:\/\/kravmagautti.fi\/site\/wp-json\/wp\/v2\/pages\/32\/revisions"}],"predecessor-version":[{"id":185,"href":"http:\/\/kravmagautti.fi\/site\/wp-json\/wp\/v2\/pages\/32\/revisions\/185"}],"wp:attachment":[{"href":"http:\/\/kravmagautti.fi\/site\/wp-json\/wp\/v2\/media?parent=32"}],"curies":[{"name":"wp","href":"https:\/\/api.w.org\/{rel}","templated":true}]}}